{"id":5217,"date":"2022-02-10T20:34:10","date_gmt":"2022-02-10T19:34:10","guid":{"rendered":"https:\/\/jarektoptrans.sk\/datenschutzbestimmungen\/"},"modified":"2022-02-10T20:34:10","modified_gmt":"2022-02-10T19:34:10","slug":"datenschutzbestimmungen","status":"publish","type":"page","link":"https:\/\/jarektoptrans.sk\/de\/datenschutzbestimmungen\/","title":{"rendered":"Datenschutzbestimmungen"},"content":{"rendered":"<p><strong>Das Unternehmen JAREK TOPTRANS s.r.o., mit Sitz in Stavb\u00e1rov 1278, 071 01 Michalovce, <\/strong><strong>Ident.-Nr.: 50585975, MWST-Ident.-Nr.: SK2120384024 (im Folgenden nur Betreiber genannt) erkl\u00e4rt als Betreiber der Website www.jarektoptrans.sk, dass es zwecks der Gew\u00e4hrleistung des Schutzes der Rechte der betroffenen Personen angemessene technische und organisatorische Ma\u00dfnahmen getroffen hat, die die gesetzliche Verarbeitung von Personendaten deklarieren. <\/strong>Der Betreiber hat auch ein transparentes System zur Erfassung von Sicherheitsvorf\u00e4llen und etwaigen Fragen der betroffenen Person und anderer eingerichtet. Die betroffene Person kann die einzelnen Informationen per E-Mail: auto@jarektoptrans.sk oder direkt auf der Website des Betreibers erfahren<strong>: jarektoptrans.sk\/zasady-ochrany-osobnych-udajov.<\/strong>\u00a0<strong>Wir behandeln Ihre pers\u00f6nlichen Daten professionell und sensibel.<\/strong><\/p>\n<ul>\n<li>Wir geben sie in keinem Fall an Dritte weiter (au\u00dfer in dem unter Punkt 2 genannten Umfang).<\/li>\n<li>Personenbezogene Daten werden in einer sicheren Datenbank gespeichert, die einen autorisierten Zugriff erfordert.<\/li>\n<li>\u00dcber die Website verarbeiten wir nur die Daten von Ihnen, die Sie uns freiwillig \u00fcber das Kontaktformular geben, das im Sinne des Art. 6 Abs. 1 Buchst. f) der DGSVO-Verordnung erstellt wurde \u2013 berechtigtes Interesse zwecks der Reaktion auf eine von Ihnen \u00fcbermittelte Anfrage \/ Anregung oder eine Frage zu den gelieferten Produkten \/ Dienstleistungen oder die Erstellung eines Preisangebots.<\/li>\n<li>Ihre Daten werden auf dem Weg zu unserem Server verschl\u00fcsselt, sodass niemand sie unterwegs entschl\u00fcsseln kann.<\/li>\n<li>Alle Mitarbeiter, die mit Ihren personenbezogenen Daten in Kontakt kommen, wurden ordnungsgem\u00e4\u00df in deren ordnungsgem\u00e4\u00dfen und sensiblen Umgang unterwiesen.<\/li>\n<li>Sie k\u00f6nnen uns jederzeit bitten, Ihren Beitrag oder alle Beitr\u00e4ge aus Ihrem E-Mail-Konto zu l\u00f6schen.<\/li>\n<\/ul>\n<p>Ausf\u00fchrliche Informationen zur Verarbeitung und zum Schutz personenbezogener Daten gem\u00e4\u00df der Verordnung des Europ\u00e4ischen Parlaments und des EU-Rates Nr. 2016\/679 zum Schutz nat\u00fcrlicher Personen bei der Verarbeitung personenbezogener Daten und zum freien Datenverkehr, die die Richtlinie 95\/46\/EG (allgemeine Verordnung zum Datenschutz) und das Gesetz der Slowakischen Republik Nr. 18\/2018 Slg. zum Schutz personenbezogener Daten und zur \u00c4nderung und Erg\u00e4nzung einiger Gesetze aufhebt (im Folgenden nur als: \u201eGesetz zum Schutz personenbezogener Daten\u201c genannt).<\/p>\n<h3>1. Der Betreiber der Website: www.jarektoptrans.sk<\/h3>\n<p>Wir verarbeiten Ihre Daten f\u00fcr unsere eigenen Zwecke als Betreiber. Das bedeutet, dass wir die Zwecke bestimmen, f\u00fcr die wir Ihre personenbezogenen Daten erheben, die Mittel zur Verarbeitung festlegen und f\u00fcr deren ordnungsgem\u00e4\u00dfe Ausf\u00fchrung verantwortlich sind.<\/p>\n<h3>2. Die Liste unserer Vermittler, die auch Ihre personenbezogenen Daten verarbeiten<\/h3>\n<p>Bei der Nutzung des Kontaktformulars werden Ihre Daten auch von einem anderen Subjekt verarbeitet, das uns mit dem Betrieb, der Anpassung der Website und der Gew\u00e4hrleistung des Webportals hilft. Das oben angef\u00fchrte Subjekt befindet sich in der Rolle des Vermittlers, mit dem wir den Vertrag im Sinne des Art. 28 Abs. 3 der DGSVO-Verordnung unterzeichnet haben.<\/p>\n<table width=\"652\">\n<thead>\n<tr>\n<td><strong>N<\/strong><strong>ame des Dienstes<\/strong><\/td>\n<td width=\"165\"><strong>Typ des Dienstes <\/strong><\/td>\n<td width=\"340\"><strong>Vermittler<\/strong><\/td>\n<\/tr>\n<\/thead>\n<tbody>\n<tr>\n<td><strong>Hosting-Storage<\/strong><\/td>\n<td width=\"165\">Anbieter von Technologien und Cloud-Diensten<\/td>\n<td width=\"340\">Websupport s.r.o., Karad\u017ei\u010dova 7608\/12, 821 09 Bratislava, Ident.-Nr.: 36421928<\/td>\n<\/tr>\n<\/tbody>\n<\/table>\n<h3>3. Zweck der Verarbeitung personenbezogener Daten<\/h3>\n<ul>\n<li>Beantwortung von Fragen \/ Anregungen, die Sie \u00fcber das Kontaktformular eingereicht haben<\/li>\n<\/ul>\n<h3>4. Liste der verarbeiteten personenbezogenen Daten<\/h3>\n<ul>\n<li>Kontaktname \u2013 Vor- und Nachname \u2013 zur Identifizierung der betroffenen Person \u2013 Telefonnummer \u2013 zur \u00dcberpr\u00fcfung der Relevanz oder Bearbeitung der Anforderung \u2013 Adresse der elektronischen Post \u2013 zur Beantwortung der Anforderung<\/li>\n<\/ul>\n<h3>5. Ver\u00f6ffentlichung von Daten<\/h3>\n<p>Unser Unternehmen ver\u00f6ffentlicht die erhaltenen Daten in keiner Weise.<\/p>\n<h3>6. Zeitraum der Verarbeitung und Speicherung Ihrer personenbezogenen Daten<\/h3>\n<p>Wir verarbeiten und speichern Ihre personenbezogenen Daten haupts\u00e4chlich f\u00fcr den Zeitraum der Bearbeitung Ihrer Anfrage\/Anregung, maximal jedoch f\u00fcr 36 Monate. Nach dieser Zeit werden Ihre personenbezogenen Daten gel\u00f6scht.<\/p>\n<h3>7. Rechte und Pflichten der betroffenen Person<\/h3>\n<ul>\n<li>Der Kunde verpflichtet sich, wenn er personenbezogene Daten eines Dritten als Lieferdaten (Name, Nachname, Telefonnummer) angibt, dies nur mit dessen Zustimmung tut und die betroffene Person mit den aufgef\u00fchrten Verfahren, Rechten und Pflichten vertraut ist, die auf dieser Website angef\u00fchrt sind.<\/li>\n<li>Als unser Kunde und betroffene Person haben Sie das Recht, \u00fcber den Umgang mit Ihren personenbezogenen Daten im angegebenen Umfang zu entscheiden. Sie k\u00f6nnen die unten angef\u00fchrten Rechte mittels der E-Mail auto@jarektoptrans.sk\u00a0oder schriftlich auf der Adresse des Betreibers aus\u00fcben: Stavb\u00e1rov 1278, 071 01 Michalovce.<\/li>\n<\/ul>\n<p><strong>Wir werden versuchen, Ihnen so schnell wie m\u00f6glich zu antworten, wir werden Ihnen immer innerhalb von 30 Tagen nach Erhalt Ihrer Anfrage antworten. G\u00fcltige Rechtsvorschriften und DGSVO-Verordnung, bzw. das Gesetz sichern Ihnen insbesondere:<\/strong>\u00a0<strong>Recht auf Zugang <\/strong>\u2013 Sie haben das Recht, von uns eine Best\u00e4tigung dar\u00fcber zu verlangen, ob Ihre personenbezogenen Daten verarbeitet werden, und falls ja, eine Kopie dieser Daten sowie zus\u00e4tzliche Informationen gem\u00e4\u00df Artikel 15 der Verordnung, bzw. \u00a7 21 des Gesetzes zu erhalten. Wenn wir eine gro\u00dfe Menge an Daten \u00fcber Sie sammeln, k\u00f6nnen wir Sie auffordern, Ihre Anforderung f\u00fcr den Umfang bestimmter Daten zu spezifizieren, die wir \u00fcber Sie verarbeiten.<\/p>\n<p><strong>Recht auf Berichtigung <\/strong>\u2013 Damit wir stets nur aktuelle personenbezogene Daten \u00fcber Sie verarbeiten k\u00f6nnen, m\u00fcssen Sie uns ihre \u00c4nderung so schnell wie m\u00f6glich mitteilen. F\u00fcr den Fall, dass wir unrichtige Daten \u00fcber Sie verarbeiten, haben Sie das Recht, deren Berichtigung zu verlangen.<\/p>\n<p><strong>Recht auf L\u00f6schung <\/strong>\u2013 Wenn die Bedingungen von Artikel 14 der Verordnung, bzw. des \u00a7 23 des Gesetzes erf\u00fcllt werden, k\u00f6nnen Sie die L\u00f6schung Ihrer personenbezogenen Daten verlangen. Eine L\u00f6schung k\u00f6nnen Sie daher beispielsweise verlangen, wenn Sie Ihre Einwilligung zur Verarbeitung personenbezogener Daten widerrufen haben und es keine andere Rechtsgrundlage der Verarbeitung gibt, oder wenn wir Ihre personenbezogenen Daten rechtswidrig verarbeiten oder wenn der Grund weggefallen ist, zu dem wir Ihre personenbezogenen Daten verarbeitet haben, und wir verarbeiten sie nicht f\u00fcr einen anderen kompatiblen Zweck. Wir werden Ihre Daten jedoch nicht l\u00f6schen, wenn dies zum Nachweis, zur Geltendmachung oder Verteidigung von Rechtsanspr\u00fcchen erforderlich ist.<\/p>\n<p><strong>Recht auf Einschr\u00e4nkung der Verarbeitung <\/strong>\u2013 Wenn die Bedingungen von Artikel 18 der Verordnung, bzw. des \u00a7 des Gesetzes erf\u00fcllt werden, k\u00f6nnen Sie von uns verlangen, die Verarbeitung Ihrer personenbezogenen Daten einzuschr\u00e4nken. Daher k\u00f6nnen Sie beispielsweise eine Einschr\u00e4nkung verlangen, wenn Sie die Richtigkeit der Datenverarbeitung ablehnen oder wenn die Verarbeitung rechtswidrig ist und Sie nicht m\u00f6chten, dass wir die Daten l\u00f6schen, sondern brauchen, dass ihre Verarbeitung eingeschr\u00e4nkt wird, w\u00e4hrend Sie Ihre Rechte aus\u00fcben. Wir verarbeiten Ihre Daten weiterhin, wenn Gr\u00fcnde zum Nachweisen, zur Geltendmachung oder Verteidigung von Rechtsanspr\u00fcchen vorliegen.<\/p>\n<p><strong>Recht auf Daten\u00fcbertragbarkeit \u2013<\/strong> Wenn die Verarbeitung auf Ihrer Einwilligung beruht oder zur Erf\u00fcllung eines mit Ihnen geschlossenen Vertrags erfolgt und gleichzeitig automatisiert erfolgt, haben Sie das Recht, Ihre personenbezogenen Daten von uns zu erhalten, die wir von Ihnen in einem g\u00e4ngigen maschinenlesbaren Format erhalten haben. Bei Interesse und technischer M\u00f6glichkeit \u00fcbermitteln wir Ihre personenbezogenen Daten direkt an einen anderen Betreiber. Es wird nicht m\u00f6glich sein, dieses Recht auf die Verarbeitung anzuwenden, die aufgrund der Erf\u00fcllung der im \u00f6ffentlichen Interesse ausge\u00fcbten Aufgabe oder bei der Aus\u00fcbung \u00f6ffentlicher Gewalt verwirklicht wird.<\/p>\n<p><strong>Recht auf Widerspruch gegen die Verarbeitung <\/strong>\u2013 Wenn wir Ihre personenbezogenen Daten f\u00fcr die Wahrnehmung einer Aufgabe verarbeiten, die im \u00f6ffentlichen Interesse liegt oder in Aus\u00fcbung \u00f6ffentlicher Gewalt erfolgt, die uns \u00fcbertragen wurde, oder wenn die Verarbeitung auf Grundlage unserer berechtigten Rechte oder der berechtigten Interessen eines Dritten erfolgt, haben Sie das Recht, dieser Verarbeitung zu widersprechen. Aufgrund Ihres Widerspruchs werden wir die Verarbeitung der personenbezogenen Daten einschr\u00e4nken und wenn wir keine schwerwiegenden berechtigten Gr\u00fcnde der Verarbeitung, die Ihre Interessen, Rechte und Freiheiten \u00fcberwiegen, oder keine Gr\u00fcnde zum Nachweisen, zur Geltendmachung oder Verteidigung der Rechtsanspr\u00fcche nachweisen, werden wir Ihre personenbezogenen Daten nicht mehr verarbeiten und sie l\u00f6schen. Sie haben jederzeit das Recht, der Verarbeitung personenbezogener Daten f\u00fcr Direktmarketingzwecke, einschlie\u00dflich Profiling, zu widersprechen, soweit es sich um ein solches Direktmarketing handelt. Nach Widerspruch werden wir Ihre personenbezogenen Daten nicht mehr f\u00fcr diesen Zweck verarbeiten.<\/p>\n<p><strong>Recht, eine Beschwerde einzureichen <\/strong>\u2013 Wenn Sie der Meinung sind, dass die Verarbeitung Ihrer personenbezogenen Daten im Widerspruch mit der Verordnung, bzw. dem Gesetz ist, haben Sie das Recht, eine Beschwerde gegen eine zust\u00e4ndige Aufsichtsbeh\u00f6rde einzureichen, insbesondere in dem Mitgliedstaat Ihres Aufenthaltsorts, Ihres Arbeitsplatzes oder des Orts des mutma\u00dflichen Versto\u00dfes. F\u00fcr das Gebiet der Slowakischen Republik ist die Aufsichtsbeh\u00f6rde das Amt f\u00fcr den Schutz personenbezogener Daten mit Sitz in: Hrani\u010dn\u00e1 4826\/12, 820 07 Bratislava, Slowakei, Web: www.dataprotection.gov.sk, Tel.: +421 \/2\/ 3231 3220.<\/p>\n<p><strong>Recht auf Widerruf der Einwilligung <\/strong>\u2013 Wenn die Verarbeitung Ihrer personenbezogenen Daten auf einer Einwilligung beruht, haben Sie das Recht, diese Einwilligung jederzeit zu widerrufen. Der Widerruf der Einwilligung hat keinen Einfluss auf die bereits verwirklichte Verarbeitung. \u00a0Sollten Sie zu irgendeinem Zeitpunkt sp\u00e4ter entscheiden, dass Sie daran interessiert sind, wieder Verkaufs- und Marketingangebote zu unseren Produkten und Dienstleistungen von uns zu erhalten, k\u00f6nnen Sie Ihre widerrufene Einwilligung (bzw. eingereichte Beschwerde) jederzeit durch eine der oben genannten Kontaktform erteilen.<\/p>\n","protected":false},"excerpt":{"rendered":"<p>Das Unternehmen JAREK TOPTRANS s.r.o., mit Sitz in Stavb\u00e1rov 1278, 071 01 Michalovce, Ident.-Nr.: 50585975, MWST-Ident.-Nr.: SK2120384024 (im Folgenden nur Betreiber genannt) erkl\u00e4rt als Betreiber der Website www.jarektoptrans.sk, dass es zwecks der Gew\u00e4hrleistung des Schutzes der Rechte der betroffenen Personen angemessene technische und organisatorische Ma\u00dfnahmen getroffen hat, die die gesetzliche Verarbeitung von Personendaten deklarieren. Der&hellip;<\/p>\n","protected":false},"author":2,"featured_media":0,"parent":0,"menu_order":0,"comment_status":"closed","ping_status":"closed","template":"","meta":{"footnotes":""},"class_list":["post-5217","page","type-page","status-publish","hentry","description-off"],"_links":{"self":[{"href":"https:\/\/jarektoptrans.sk\/de\/wp-json\/wp\/v2\/pages\/5217","targetHints":{"allow":["GET"]}}],"collection":[{"href":"https:\/\/jarektoptrans.sk\/de\/wp-json\/wp\/v2\/pages"}],"about":[{"href":"https:\/\/jarektoptrans.sk\/de\/wp-json\/wp\/v2\/types\/page"}],"author":[{"embeddable":true,"href":"https:\/\/jarektoptrans.sk\/de\/wp-json\/wp\/v2\/users\/2"}],"replies":[{"embeddable":true,"href":"https:\/\/jarektoptrans.sk\/de\/wp-json\/wp\/v2\/comments?post=5217"}],"version-history":[{"count":0,"href":"https:\/\/jarektoptrans.sk\/de\/wp-json\/wp\/v2\/pages\/5217\/revisions"}],"wp:attachment":[{"href":"https:\/\/jarektoptrans.sk\/de\/wp-json\/wp\/v2\/media?parent=5217"}],"curies":[{"name":"wp","href":"https:\/\/api.w.org\/{rel}","templated":true}]}}